{"id":146,"date":"2021-07-05T23:36:26","date_gmt":"2021-07-05T23:36:26","guid":{"rendered":"https:\/\/renocr.com\/?page_id=146"},"modified":"2021-07-07T14:43:21","modified_gmt":"2021-07-07T14:43:21","slug":"blog","status":"publish","type":"page","link":"https:\/\/renocr.com\/index.php\/blog\/","title":{"rendered":"Blog"},"content":{"rendered":"\t\t<div data-elementor-type=\"wp-page\" data-elementor-id=\"146\" class=\"elementor elementor-146\">\n\t\t\t\t\t\t<section class=\"elementor-section elementor-top-section elementor-element elementor-element-65ce10b elementor-section-boxed elementor-section-height-default elementor-section-height-default\" data-id=\"65ce10b\" data-element_type=\"section\">\n\t\t\t\t\t\t<div class=\"elementor-container elementor-column-gap-default\">\n\t\t\t\t\t<div class=\"elementor-column elementor-col-100 elementor-top-column elementor-element elementor-element-27fb388\" data-id=\"27fb388\" data-element_type=\"column\">\n\t\t\t<div class=\"elementor-widget-wrap elementor-element-populated\">\n\t\t\t\t\t\t<div class=\"elementor-element elementor-element-57a71a1 elementor-widget elementor-widget-blogmentor_blog_posts\" data-id=\"57a71a1\" data-element_type=\"widget\" data-widget_type=\"blogmentor_blog_posts.default\">\n\t\t\t\t<div class=\"elementor-widget-container\">\n\t\t\t\t\t\t\t\n\t\t\t\t\t<div class=\"upl-main\">\n\t\t<div class=\"upl-container\">\n\t\t\t\t\t\t\t<div class=\"upl-left-section bm_content_box\">\n\t\t\t\t\t\t\t\t<div class=\"bm-post-image clearfix bm-hover-effect bm-hover-effect-opacity\">\n\t\t\t\t\t<div class=\"upl-image\" style=\"background-image: url('https:\/\/renocr.com\/wp-content\/uploads\/2021\/07\/5conceptosparacreartulogo.png')\"><\/div>\n\t\t\t\t<\/div>\n\t\t\t\t<div class=\"upl-author\"><img decoding=\"async\" src=\"https:\/\/secure.gravatar.com\/avatar\/5284a0466a486a070d0a1707778049c5c547a470eb5ff09b45a0e69b60ba2dcb?s=96&d=mm&r=g\"><\/div>\n\t\t\t\t<div class=\"upl-title bm_title\"><a href=\"https:\/\/renocr.com\/index.php\/2021\/07\/08\/5-conceptos-para-crear-tu-logo\/\" rel=\"bookmark\">5 Conceptos para crear tu logo<\/a><\/div>\t\t\t\t\t<div class=\"upl-excerpt bm_content\"> El logotipo es el primer s\u00edmbolo o elemento gr\u00e1fico que posibles clientes o consumidores relacionan con una empresa o producto. Les proporciona una primera impresi\u00f3n y, sin duda, debe ser&hellip; <\/div>\n\t\t\t\t\t\t\t\t\t<div class=\"upl-cat-date bm_meta\">\n\t\t\t\t\t\tCristopher | 08\/07\/2021 \t\t\t\t\t<\/div>\n\t\t\t\t\t\t\t<\/div>\n\t\t\t\n\t\t\t\t\t\t<div class=\"upl-right-section\">\n\t\t\t\t<div class=\"upl-top bm_content_box\">\n\t\t\t\t\t<div class=\"bm-post-image clearfix bm-hover-effect bm-hover-effect-opacity\">\n\t\t\t\t\t\t<div class=\"upl-image\" style=\"background-image: url('https:\/\/renocr.com\/wp-content\/uploads\/2021\/07\/7clavesparabuendiseno.png')\"><\/div>\n\t\t\t\t\t<\/div>\n\t\t\t\t\t<div class=\"upl-author\">\n\t\t\t\t\t\t<img decoding=\"async\" src=\"https:\/\/secure.gravatar.com\/avatar\/5284a0466a486a070d0a1707778049c5c547a470eb5ff09b45a0e69b60ba2dcb?s=96&d=mm&r=g\">\n\t\t\t\t\t<\/div>\n\t\t\t\t\t<div class=\"upl-title bm_title\"><a href=\"https:\/\/renocr.com\/index.php\/2021\/07\/06\/7-reglas-para-un-diseno-efectivo\/\" rel=\"bookmark\">7 Claves para un buen dise\u00f1o<\/a><\/div>\t\t\t\t\t\t<div class=\"upl-excerpt bm_content\"> Cuando la gente habla de un \"buen\" o un \"mal\" dise\u00f1o, regularmente&hellip; <\/div>\n\t\t\t\t\t\t\t\t\t\t\t<div class=\"upl-cat-date bm_meta\">\n\t\t\t\t\t\tCristopher | 06\/07\/2021 \t\t\t\t\t\t<\/div>\n\t\t\t\t\t\t\t\t\t<\/div>\n\t\t\t\t\t\t<\/div>\n\t\t<\/div>\n\t<\/div>\n\n\t<div class=\"upl-second-section\">\n\t\t\t<\/div>\n\t\t\t\t<\/div>\n\t\t\t\t<\/div>\n\t\t\t\t\t<\/div>\n\t\t<\/div>\n\t\t\t\t\t<\/div>\n\t\t<\/section>\n\t\t\t\t<\/div>\n\t\t","protected":false},"excerpt":{"rendered":"<p>7 Claves para un buen dise\u00f1o Cuando la gente habla de un &#8220;buen&#8221; o un &#8220;mal&#8221; dise\u00f1o, regularmente se refiere a nociones de calidad asumidas apartar de una experiencia y la educaci\u00f3n que ha tenido, as\u00ed&hellip; Cristopher | 06\/07\/2021<\/p>\n","protected":false},"author":1,"featured_media":0,"parent":0,"menu_order":0,"comment_status":"closed","ping_status":"closed","template":"","meta":{"_acf_changed":false,"footnotes":""},"class_list":["post-146","page","type-page","status-publish","hentry"],"acf":[],"jetpack_sharing_enabled":true,"_links":{"self":[{"href":"https:\/\/renocr.com\/index.php\/wp-json\/wp\/v2\/pages\/146","targetHints":{"allow":["GET"]}}],"collection":[{"href":"https:\/\/renocr.com\/index.php\/wp-json\/wp\/v2\/pages"}],"about":[{"href":"https:\/\/renocr.com\/index.php\/wp-json\/wp\/v2\/types\/page"}],"author":[{"embeddable":true,"href":"https:\/\/renocr.com\/index.php\/wp-json\/wp\/v2\/users\/1"}],"replies":[{"embeddable":true,"href":"https:\/\/renocr.com\/index.php\/wp-json\/wp\/v2\/comments?post=146"}],"version-history":[{"count":41,"href":"https:\/\/renocr.com\/index.php\/wp-json\/wp\/v2\/pages\/146\/revisions"}],"predecessor-version":[{"id":322,"href":"https:\/\/renocr.com\/index.php\/wp-json\/wp\/v2\/pages\/146\/revisions\/322"}],"wp:attachment":[{"href":"https:\/\/renocr.com\/index.php\/wp-json\/wp\/v2\/media?parent=146"}],"curies":[{"name":"wp","href":"https:\/\/api.w.org\/{rel}","templated":true}]}}